{"id":573,"date":"2024-10-04T17:06:55","date_gmt":"2024-10-04T17:06:55","guid":{"rendered":"https:\/\/vanguardteam.com\/?page_id=573"},"modified":"2024-11-11T19:10:47","modified_gmt":"2024-11-12T00:10:47","slug":"mercado","status":"publish","type":"page","link":"https:\/\/vanguardteam.com\/es\/mercado\/","title":{"rendered":"Mercado"},"content":{"rendered":"<div data-elementor-type=\"wp-page\" data-elementor-id=\"573\" class=\"elementor elementor-573\" data-elementor-post-type=\"page\">\n\t\t\t\t<div class=\"e-con-top elementor-element elementor-element-9f87ee2 e-con-full e-flex e-con e-parent\" data-id=\"9f87ee2\" data-element_type=\"container\" data-e-type=\"container\" data-settings=\"{&quot;background_background&quot;:&quot;classic&quot;,&quot;jet_parallax_layout_list&quot;:[]}\">\n\t\t<div class=\"elementor-element elementor-element-7d7a5dc e-con-full du_container_texto_hover e-transform e-flex e-con e-child\" data-id=\"7d7a5dc\" data-element_type=\"container\" data-e-type=\"container\" data-settings=\"{&quot;background_background&quot;:&quot;classic&quot;,&quot;jet_parallax_layout_list&quot;:[],&quot;_transform_translateX_effect_hover&quot;:{&quot;unit&quot;:&quot;px&quot;,&quot;size&quot;:&quot;&quot;,&quot;sizes&quot;:[]},&quot;_transform_translateX_effect_hover_tablet&quot;:{&quot;unit&quot;:&quot;px&quot;,&quot;size&quot;:&quot;&quot;,&quot;sizes&quot;:[]},&quot;_transform_translateX_effect_hover_mobile&quot;:{&quot;unit&quot;:&quot;px&quot;,&quot;size&quot;:&quot;&quot;,&quot;sizes&quot;:[]},&quot;_transform_translateY_effect_hover&quot;:{&quot;unit&quot;:&quot;px&quot;,&quot;size&quot;:&quot;&quot;,&quot;sizes&quot;:[]},&quot;_transform_translateY_effect_hover_tablet&quot;:{&quot;unit&quot;:&quot;px&quot;,&quot;size&quot;:&quot;&quot;,&quot;sizes&quot;:[]},&quot;_transform_translateY_effect_hover_mobile&quot;:{&quot;unit&quot;:&quot;px&quot;,&quot;size&quot;:&quot;&quot;,&quot;sizes&quot;:[]}}\">\n\t\t<div class=\"elementor-element elementor-element-1c170d6 e-con-full e-flex e-con e-child\" data-id=\"1c170d6\" data-element_type=\"container\" data-e-type=\"container\" data-settings=\"{&quot;jet_parallax_layout_list&quot;:[]}\">\n\t\t\t\t<div class=\"elementor-element elementor-element-05a3d04 elementor-widget elementor-widget-heading\" data-id=\"05a3d04\" data-element_type=\"widget\" data-e-type=\"widget\" data-widget_type=\"heading.default\">\n\t\t\t\t<div class=\"elementor-widget-container\">\n\t\t\t\t\t<h3 class=\"elementor-heading-title elementor-size-default\">VANGUARD<\/h3>\t\t\t\t<\/div>\n\t\t\t\t<\/div>\n\t\t\t\t<div class=\"elementor-element elementor-element-61109b4 elementor-widget elementor-widget-heading\" data-id=\"61109b4\" data-element_type=\"widget\" data-e-type=\"widget\" data-widget_type=\"heading.default\">\n\t\t\t\t<div class=\"elementor-widget-container\">\n\t\t\t\t\t<h2 class=\"elementor-heading-title elementor-size-default\">Internacional<\/h2>\t\t\t\t<\/div>\n\t\t\t\t<\/div>\n\t\t\t\t<div class=\"elementor-element elementor-element-930e86f u-last-p-margin du_texto_hover elementor-widget-tablet__width-initial elementor-widget elementor-widget-text-editor\" data-id=\"930e86f\" data-element_type=\"widget\" data-e-type=\"widget\" data-widget_type=\"text-editor.default\">\n\t\t\t\t<div class=\"elementor-widget-container\">\n\t\t\t\t\t\t\t\t\t<p>Nos dedicamos a apoyar a clientes en Europa, Asia, \u00c1frica y Sudam\u00e9rica proporcion\u00e1ndoles productos de alta calidad personalizados seg\u00fan sus demandas.<\/p>\t\t\t\t\t\t\t\t<\/div>\n\t\t\t\t<\/div>\n\t\t\t\t<div class=\"elementor-element elementor-element-5c6e200 elementor-align-center elementor-widget elementor-widget-button\" data-id=\"5c6e200\" data-element_type=\"widget\" data-e-type=\"widget\" data-widget_type=\"button.default\">\n\t\t\t\t<div class=\"elementor-widget-container\">\n\t\t\t\t\t\t\t\t\t<div class=\"elementor-button-wrapper\">\n\t\t\t\t\t<a class=\"elementor-button elementor-button-link elementor-size-sm\" href=\"https:\/\/vanguardteam.com\/es\/internacional\/\">\n\t\t\t\t\t\t<span class=\"elementor-button-content-wrapper\">\n\t\t\t\t\t\t<span class=\"elementor-button-icon\">\n\t\t\t\t<svg xmlns=\"http:\/\/www.w3.org\/2000\/svg\" height=\"24px\" viewbox=\"0 -960 960 960\" width=\"24px\" fill=\"#FFFFFF\"><path d=\"M504-480 348-636q-11-11-11-28t11-28q11-11 28-11t28 11l184 184q6 6 8.5 13t2.5 15q0 8-2.5 15t-8.5 13L404-268q-11 11-28 11t-28-11q-11-11-11-28t11-28l156-156Z\"><\/path><\/svg>\t\t\t<\/span>\n\t\t\t\t\t\t\t\t\t<span class=\"elementor-button-text\">M\u00e1s informaci\u00f3n<\/span>\n\t\t\t\t\t<\/span>\n\t\t\t\t\t<\/a>\n\t\t\t\t<\/div>\n\t\t\t\t\t\t\t\t<\/div>\n\t\t\t\t<\/div>\n\t\t\t\t<\/div>\n\t\t\t\t<\/div>\n\t\t<div class=\"elementor-element elementor-element-61cfd7f e-con-full du_container_texto_hover e-flex e-con e-child\" data-id=\"61cfd7f\" data-element_type=\"container\" data-e-type=\"container\" data-settings=\"{&quot;background_background&quot;:&quot;classic&quot;,&quot;jet_parallax_layout_list&quot;:[]}\">\n\t\t<div class=\"elementor-element elementor-element-f1295a0 e-con-full e-flex e-con e-child\" data-id=\"f1295a0\" data-element_type=\"container\" data-e-type=\"container\" data-settings=\"{&quot;jet_parallax_layout_list&quot;:[]}\">\n\t\t\t\t<div class=\"elementor-element elementor-element-46cf60d elementor-widget elementor-widget-heading\" data-id=\"46cf60d\" data-element_type=\"widget\" data-e-type=\"widget\" data-widget_type=\"heading.default\">\n\t\t\t\t<div class=\"elementor-widget-container\">\n\t\t\t\t\t<h3 class=\"elementor-heading-title elementor-size-default\">VANGUARD<\/h3>\t\t\t\t<\/div>\n\t\t\t\t<\/div>\n\t\t\t\t<div class=\"elementor-element elementor-element-fa3e91b elementor-widget elementor-widget-heading\" data-id=\"fa3e91b\" data-element_type=\"widget\" data-e-type=\"widget\" data-widget_type=\"heading.default\">\n\t\t\t\t<div class=\"elementor-widget-container\">\n\t\t\t\t\t<h2 class=\"elementor-heading-title elementor-size-default\">Direct<\/h2>\t\t\t\t<\/div>\n\t\t\t\t<\/div>\n\t\t\t\t<div class=\"elementor-element elementor-element-5544b96 u-last-p-margin du_texto_hover elementor-widget-tablet__width-initial elementor-widget elementor-widget-text-editor\" data-id=\"5544b96\" data-element_type=\"widget\" data-e-type=\"widget\" data-widget_type=\"text-editor.default\">\n\t\t\t\t<div class=\"elementor-widget-container\">\n\t\t\t\t\t\t\t\t\t<p>Nos dedicamos a llevar productos frescos a todas las mesas en Estados Unidos y Canad\u00e1.<\/p>\t\t\t\t\t\t\t\t<\/div>\n\t\t\t\t<\/div>\n\t\t\t\t<div class=\"elementor-element elementor-element-4b048de elementor-align-center elementor-widget elementor-widget-button\" data-id=\"4b048de\" data-element_type=\"widget\" data-e-type=\"widget\" data-widget_type=\"button.default\">\n\t\t\t\t<div class=\"elementor-widget-container\">\n\t\t\t\t\t\t\t\t\t<div class=\"elementor-button-wrapper\">\n\t\t\t\t\t<a class=\"elementor-button elementor-button-link elementor-size-sm\" href=\"https:\/\/vanguardteam.com\/es\/vdirect\/\">\n\t\t\t\t\t\t<span class=\"elementor-button-content-wrapper\">\n\t\t\t\t\t\t<span class=\"elementor-button-icon\">\n\t\t\t\t<svg xmlns=\"http:\/\/www.w3.org\/2000\/svg\" height=\"24px\" viewbox=\"0 -960 960 960\" width=\"24px\" fill=\"#FFFFFF\"><path d=\"M504-480 348-636q-11-11-11-28t11-28q11-11 28-11t28 11l184 184q6 6 8.5 13t2.5 15q0 8-2.5 15t-8.5 13L404-268q-11 11-28 11t-28-11q-11-11-11-28t11-28l156-156Z\"><\/path><\/svg>\t\t\t<\/span>\n\t\t\t\t\t\t\t\t\t<span class=\"elementor-button-text\">M\u00e1s informaci\u00f3n<\/span>\n\t\t\t\t\t<\/span>\n\t\t\t\t\t<\/a>\n\t\t\t\t<\/div>\n\t\t\t\t\t\t\t\t<\/div>\n\t\t\t\t<\/div>\n\t\t\t\t<\/div>\n\t\t\t\t<\/div>\n\t\t\t\t<\/div>\n\t\t<div class=\"e-con-top elementor-element elementor-element-3320963 e-flex e-con-boxed e-con e-parent\" data-id=\"3320963\" data-element_type=\"container\" data-e-type=\"container\" data-settings=\"{&quot;background_background&quot;:&quot;classic&quot;,&quot;jet_parallax_layout_list&quot;:[]}\">\n\t\t\t\t\t<div class=\"e-con-inner\">\n\t\t\t\t<div class=\"elementor-element elementor-element-35c93f3 elementor-widget__width-initial elementor-absolute elementor-widget elementor-widget-image\" data-id=\"35c93f3\" data-element_type=\"widget\" data-e-type=\"widget\" data-settings=\"{&quot;_position&quot;:&quot;absolute&quot;,&quot;motion_fx_motion_fx_scrolling&quot;:&quot;yes&quot;,&quot;motion_fx_translateY_effect&quot;:&quot;yes&quot;,&quot;motion_fx_translateY_speed&quot;:{&quot;unit&quot;:&quot;px&quot;,&quot;size&quot;:2,&quot;sizes&quot;:[]},&quot;motion_fx_translateY_affectedRange&quot;:{&quot;unit&quot;:&quot;%&quot;,&quot;size&quot;:&quot;&quot;,&quot;sizes&quot;:{&quot;start&quot;:0,&quot;end&quot;:100}},&quot;motion_fx_devices&quot;:[&quot;desktop&quot;,&quot;tablet&quot;,&quot;mobile&quot;]}\" data-widget_type=\"image.default\">\n\t\t\t\t<div class=\"elementor-widget-container\">\n\t\t\t\t\t\t\t\t\t\t\t\t\t\t\t<img fetchpriority=\"high\" decoding=\"async\" width=\"252\" height=\"320\" src=\"https:\/\/vanguardteam.com\/wp-content\/uploads\/2024\/10\/Mask-group-1.png\" class=\"attachment-full size-full wp-image-619\" alt=\"\" srcset=\"https:\/\/vanguardteam.com\/wp-content\/uploads\/2024\/10\/Mask-group-1.png 252w, https:\/\/vanguardteam.com\/wp-content\/uploads\/2024\/10\/Mask-group-1-236x300.png 236w\" sizes=\"(max-width: 252px) 100vw, 252px\" \/>\t\t\t\t\t\t\t\t\t\t\t\t\t\t\t<\/div>\n\t\t\t\t<\/div>\n\t\t\t\t<div class=\"elementor-element elementor-element-a05f86d elementor-widget__width-initial elementor-absolute elementor-widget elementor-widget-image\" data-id=\"a05f86d\" data-element_type=\"widget\" data-e-type=\"widget\" data-settings=\"{&quot;_position&quot;:&quot;absolute&quot;,&quot;motion_fx_motion_fx_scrolling&quot;:&quot;yes&quot;,&quot;motion_fx_translateY_effect&quot;:&quot;yes&quot;,&quot;motion_fx_translateY_speed&quot;:{&quot;unit&quot;:&quot;px&quot;,&quot;size&quot;:1,&quot;sizes&quot;:[]},&quot;motion_fx_translateY_affectedRange&quot;:{&quot;unit&quot;:&quot;%&quot;,&quot;size&quot;:&quot;&quot;,&quot;sizes&quot;:{&quot;start&quot;:0,&quot;end&quot;:100}},&quot;motion_fx_devices&quot;:[&quot;desktop&quot;,&quot;tablet&quot;,&quot;mobile&quot;]}\" data-widget_type=\"image.default\">\n\t\t\t\t<div class=\"elementor-widget-container\">\n\t\t\t\t\t\t\t\t\t\t\t\t\t\t\t<img decoding=\"async\" width=\"252\" height=\"320\" src=\"https:\/\/vanguardteam.com\/wp-content\/uploads\/2024\/10\/Mask-group-2.png\" class=\"attachment-full size-full wp-image-620\" alt=\"\" srcset=\"https:\/\/vanguardteam.com\/wp-content\/uploads\/2024\/10\/Mask-group-2.png 252w, https:\/\/vanguardteam.com\/wp-content\/uploads\/2024\/10\/Mask-group-2-236x300.png 236w\" sizes=\"(max-width: 252px) 100vw, 252px\" \/>\t\t\t\t\t\t\t\t\t\t\t\t\t\t\t<\/div>\n\t\t\t\t<\/div>\n\t\t\t\t<div class=\"elementor-element elementor-element-ae285b2 elementor-widget__width-initial elementor-position-top elementor-widget elementor-widget-image-box\" data-id=\"ae285b2\" data-element_type=\"widget\" data-e-type=\"widget\" data-widget_type=\"image-box.default\">\n\t\t\t\t<div class=\"elementor-widget-container\">\n\t\t\t\t\t<div class=\"elementor-image-box-wrapper\"><figure class=\"elementor-image-box-img\"><img decoding=\"async\" width=\"65\" height=\"64\" src=\"https:\/\/vanguardteam.com\/wp-content\/uploads\/2024\/10\/Capa_1-2.svg\" class=\"attachment-full size-full wp-image-590\" alt=\"\" \/><\/figure><div class=\"elementor-image-box-content\"><p class=\"elementor-image-box-description\">Atendemos a nuestros clientes minoristas desde ubicaciones estrat\u00e9gicas para optimizar los productos que ofrecemos, junto con los productores y la log\u00edstica que los entregan.<\/p><\/div><\/div>\t\t\t\t<\/div>\n\t\t\t\t<\/div>\n\t\t<div class=\"elementor-element elementor-element-c452985 e-con-full e-flex e-con e-child\" data-id=\"c452985\" data-element_type=\"container\" data-e-type=\"container\" data-settings=\"{&quot;background_background&quot;:&quot;classic&quot;,&quot;jet_parallax_layout_list&quot;:[]}\">\n\t\t\t\t<div class=\"elementor-element elementor-element-8892f68 elementor-widget-mobile__width-inherit elementor-widget elementor-widget-jet-video\" data-id=\"8892f68\" data-element_type=\"widget\" data-e-type=\"widget\" data-widget_type=\"jet-video.default\">\n\t\t\t\t<div class=\"elementor-widget-container\">\n\t\t\t\t\t<div class=\"elementor-jet-video jet-elements\">\n<div class=\"jet-video jet-video--fa5-compat\" data-settings=\"{&quot;lightbox&quot;:false,&quot;autoplay&quot;:false}\"><video class=\"jet-video-player jet-video-html5-player jet-video-custom-play-button\" src=\"https:\/\/vanguardteam.com\/wp-content\/uploads\/2024\/10\/VanguardIntl-Reliability-Conviciton-30s-Mar2022-Update-Compressed-with-FlexClip.mp4\" controls=\"\" playsinline=\"\" controlslist=\"nodownload\"><\/video>\n<div class=\"jet-video__overlay jet-video__overlay--custom-bg\" style=\"background-image: url(https:\/\/vanguardteam.com\/wp-content\/uploads\/2024\/10\/flixier-2024-08-05T17_34_22.444Z-1.png);\">\n<div class=\"jet-video__play-button\" role=\"button\" tabindex=\"0\" aria-label=\"Bot\u00f3n de reproducci\u00f3n de v\u00eddeo\"><span class=\"jet-elements-icon jet-video__play-button-icon\"><svg xmlns=\"http:\/\/www.w3.org\/2000\/svg\" width=\"119\" height=\"120\" viewbox=\"0 0 119 120\" fill=\"none\"><path fill-rule=\"evenodd\" clip-rule=\"evenodd\" d=\"M59.5072 119.026C92.1354 119.026 118.586 92.5758 118.586 59.9476C118.586 27.3195 92.1354 0.869141 59.5072 0.869141C26.8791 0.869141 0.428711 27.3195 0.428711 59.9476C0.428711 92.5758 26.8791 119.026 59.5072 119.026ZM85.393 61.8926C86.7263 61.1228 86.7263 59.1983 85.393 58.4285L49.8604 37.9137C48.5271 37.1439 46.8604 38.1061 46.8604 39.6457L46.8604 80.6753C46.8604 82.2149 48.527 83.1771 49.8604 82.4073L85.393 61.8926Z\" fill=\"white\"><\/path><\/svg><\/span>\t<span class=\"elementor-screen-only\">Reproducir v\u00eddeo<\/span>\n<\/div>\n<\/div>\n<\/div>\n<\/div>\t\t\t\t<\/div>\n\t\t\t\t<\/div>\n\t\t\t\t<\/div>\n\t\t\t\t\t<\/div>\n\t\t\t\t<\/div>\n\t\t\t\t<\/div>","protected":false},"excerpt":{"rendered":"<p>VANGUARD International Nos dedicamos a brindar apoyo a clientes en Europa, Asia, \u00c1frica y Sudam\u00e9rica proporcion\u00e1ndoles productos de alta calidad personalizados seg\u00fan sus demandas. M\u00e1s informaci\u00f3n VANGUARD Direct Nos dedicamos a llevar productos frescos a todas las mesas en EE. UU. y Canad\u00e1. M\u00e1s informaci\u00f3n Brindamos nuestros servicios a nuestros clientes minoristas desde ubicaciones estrat\u00e9gicas para optimizar los productos [\u2026]<\/p>","protected":false},"author":1,"featured_media":0,"parent":0,"menu_order":0,"comment_status":"closed","ping_status":"closed","template":"elementor_header_footer","meta":{"_acf_changed":false,"footnotes":""},"class_list":["post-573","page","type-page","status-publish","hentry"],"acf":[],"yoast_head":"<!-- This site is optimized with the Yoast SEO Premium plugin v23.8 (Yoast SEO v26.9) - https:\/\/yoast.com\/product\/yoast-seo-premium-wordpress\/ -->\n<title>Market | Vanguard Group International<\/title>\n<meta name=\"robots\" content=\"index, follow, max-snippet:-1, max-image-preview:large, max-video-preview:-1\" \/>\n<link rel=\"canonical\" href=\"https:\/\/vanguardteam.com\/es\/mercado\/\" \/>\n<meta property=\"og:locale\" content=\"es_ES\" \/>\n<meta property=\"og:type\" content=\"article\" \/>\n<meta property=\"og:title\" content=\"Market\" \/>\n<meta property=\"og:description\" content=\"VANGUARD International We are dedicated to support clients in Europe, Asia, Africa, and South America by providing high-quality produce customized to their demands. Learn more VANGUARD Direct We are dedicated to bringing fresh produce to all tables in US and Canada. Learn more We serve our retail customers from strategic locations to optimize the products [&hellip;]\" \/>\n<meta property=\"og:url\" content=\"https:\/\/vanguardteam.com\/es\/mercado\/\" \/>\n<meta property=\"og:site_name\" content=\"Vanguard Group International\" \/>\n<meta property=\"article:modified_time\" content=\"2024-11-12T00:10:47+00:00\" \/>\n<meta property=\"og:image\" content=\"https:\/\/vanguardteam.com\/wp-content\/uploads\/2024\/10\/Mask-group-1.png\" \/>\n\t<meta property=\"og:image:width\" content=\"252\" \/>\n\t<meta property=\"og:image:height\" content=\"320\" \/>\n\t<meta property=\"og:image:type\" content=\"image\/png\" \/>\n<meta name=\"twitter:card\" content=\"summary_large_image\" \/>\n<script type=\"application\/ld+json\" class=\"yoast-schema-graph\">{\"@context\":\"https:\/\/schema.org\",\"@graph\":[{\"@type\":\"WebPage\",\"@id\":\"https:\/\/vanguardteam.com\/market\/\",\"url\":\"https:\/\/vanguardteam.com\/market\/\",\"name\":\"Market | Vanguard Group International\",\"isPartOf\":{\"@id\":\"https:\/\/vanguardteam.com\/#website\"},\"primaryImageOfPage\":{\"@id\":\"https:\/\/vanguardteam.com\/market\/#primaryimage\"},\"image\":{\"@id\":\"https:\/\/vanguardteam.com\/market\/#primaryimage\"},\"thumbnailUrl\":\"https:\/\/vanguardteam.com\/wp-content\/uploads\/2024\/10\/Mask-group-1.png\",\"datePublished\":\"2024-10-04T17:06:55+00:00\",\"dateModified\":\"2024-11-12T00:10:47+00:00\",\"breadcrumb\":{\"@id\":\"https:\/\/vanguardteam.com\/market\/#breadcrumb\"},\"inLanguage\":\"es-PE\",\"potentialAction\":[{\"@type\":\"ReadAction\",\"target\":[\"https:\/\/vanguardteam.com\/market\/\"]}]},{\"@type\":\"ImageObject\",\"inLanguage\":\"es-PE\",\"@id\":\"https:\/\/vanguardteam.com\/market\/#primaryimage\",\"url\":\"https:\/\/vanguardteam.com\/wp-content\/uploads\/2024\/10\/Mask-group-1.png\",\"contentUrl\":\"https:\/\/vanguardteam.com\/wp-content\/uploads\/2024\/10\/Mask-group-1.png\"},{\"@type\":\"BreadcrumbList\",\"@id\":\"https:\/\/vanguardteam.com\/market\/#breadcrumb\",\"itemListElement\":[{\"@type\":\"ListItem\",\"position\":1,\"name\":\"Home\",\"item\":\"https:\/\/vanguardteam.com\/en\/\"},{\"@type\":\"ListItem\",\"position\":2,\"name\":\"Market\"}]},{\"@type\":\"WebSite\",\"@id\":\"https:\/\/vanguardteam.com\/#website\",\"url\":\"https:\/\/vanguardteam.com\/\",\"name\":\"Vanguard Group International\",\"description\":\"High quality fresh produce\",\"publisher\":{\"@id\":\"https:\/\/vanguardteam.com\/#organization\"},\"alternateName\":\"Vanguard\",\"potentialAction\":[{\"@type\":\"SearchAction\",\"target\":{\"@type\":\"EntryPoint\",\"urlTemplate\":\"https:\/\/vanguardteam.com\/?s={search_term_string}\"},\"query-input\":{\"@type\":\"PropertyValueSpecification\",\"valueRequired\":true,\"valueName\":\"search_term_string\"}}],\"inLanguage\":\"es-PE\"},{\"@type\":\"Organization\",\"@id\":\"https:\/\/vanguardteam.com\/#organization\",\"name\":\"Vanguard Group International\",\"alternateName\":\"Vanguard\",\"url\":\"https:\/\/vanguardteam.com\/\",\"logo\":{\"@type\":\"ImageObject\",\"inLanguage\":\"es-PE\",\"@id\":\"https:\/\/vanguardteam.com\/#\/schema\/logo\/image\/\",\"url\":\"https:\/\/vanguardteam.com\/wp-content\/uploads\/2024\/09\/Logo-vanguard.svg\",\"contentUrl\":\"https:\/\/vanguardteam.com\/wp-content\/uploads\/2024\/09\/Logo-vanguard.svg\",\"width\":168,\"height\":56,\"caption\":\"Vanguard Group International\"},\"image\":{\"@id\":\"https:\/\/vanguardteam.com\/#\/schema\/logo\/image\/\"},\"sameAs\":[\"https:\/\/www.linkedin.com\/company\/vanguard-fresh\/\"],\"description\":\"Vanguard Group International, established in 1991; has been a leader in vertically-integrated farming, marketing, and sales. Since 2016, we have specialized in delivering fresh, high-quality produce tailored to meet the precise needs of our customers. Our success is driven by advanced farming techniques, strong partnerships with growers, and in-depth market insights.\",\"email\":\"sales@vanguardteam.com\",\"legalName\":\"Vanguard Group International\",\"publishingPrinciples\":\"https:\/\/vanguardteam.com\/en\/\",\"ownershipFundingInfo\":\"https:\/\/vanguardteam.com\/en\/about-us\/\"}]}<\/script>\n<!-- \/ Yoast SEO Premium plugin. -->","yoast_head_json":{"title":"Mercado | Grupo Vanguard Internacional","robots":{"index":"index","follow":"follow","max-snippet":"max-snippet:-1","max-image-preview":"max-image-preview:large","max-video-preview":"max-video-preview:-1"},"canonical":"https:\/\/vanguardteam.com\/es\/mercado\/","og_locale":"es_ES","og_type":"article","og_title":"Market","og_description":"VANGUARD International We are dedicated to support clients in Europe, Asia, Africa, and South America by providing high-quality produce customized to their demands. Learn more VANGUARD Direct We are dedicated to bringing fresh produce to all tables in US and Canada. Learn more We serve our retail customers from strategic locations to optimize the products [&hellip;]","og_url":"https:\/\/vanguardteam.com\/es\/mercado\/","og_site_name":"Vanguard Group International","article_modified_time":"2024-11-12T00:10:47+00:00","og_image":[{"width":252,"height":320,"url":"https:\/\/vanguardteam.com\/wp-content\/uploads\/2024\/10\/Mask-group-1.png","type":"image\/png"}],"twitter_card":"summary_large_image","schema":{"@context":"https:\/\/schema.org","@graph":[{"@type":"WebPage","@id":"https:\/\/vanguardteam.com\/market\/","url":"https:\/\/vanguardteam.com\/market\/","name":"Mercado | Grupo Vanguard Internacional","isPartOf":{"@id":"https:\/\/vanguardteam.com\/#website"},"primaryImageOfPage":{"@id":"https:\/\/vanguardteam.com\/market\/#primaryimage"},"image":{"@id":"https:\/\/vanguardteam.com\/market\/#primaryimage"},"thumbnailUrl":"https:\/\/vanguardteam.com\/wp-content\/uploads\/2024\/10\/Mask-group-1.png","datePublished":"2024-10-04T17:06:55+00:00","dateModified":"2024-11-12T00:10:47+00:00","breadcrumb":{"@id":"https:\/\/vanguardteam.com\/market\/#breadcrumb"},"inLanguage":"es-PE","potentialAction":[{"@type":"ReadAction","target":["https:\/\/vanguardteam.com\/market\/"]}]},{"@type":"ImageObject","inLanguage":"es-PE","@id":"https:\/\/vanguardteam.com\/market\/#primaryimage","url":"https:\/\/vanguardteam.com\/wp-content\/uploads\/2024\/10\/Mask-group-1.png","contentUrl":"https:\/\/vanguardteam.com\/wp-content\/uploads\/2024\/10\/Mask-group-1.png"},{"@type":"BreadcrumbList","@id":"https:\/\/vanguardteam.com\/market\/#breadcrumb","itemListElement":[{"@type":"ListItem","position":1,"name":"Home","item":"https:\/\/vanguardteam.com\/en\/"},{"@type":"ListItem","position":2,"name":"Market"}]},{"@type":"WebSite","@id":"https:\/\/vanguardteam.com\/#website","url":"https:\/\/vanguardteam.com\/","name":"Grupo Vanguard Internacional","description":"Productos frescos de alta calidad","publisher":{"@id":"https:\/\/vanguardteam.com\/#organization"},"alternateName":"Vanguard","potentialAction":[{"@type":"SearchAction","target":{"@type":"EntryPoint","urlTemplate":"https:\/\/vanguardteam.com\/?s={search_term_string}"},"query-input":{"@type":"PropertyValueSpecification","valueRequired":true,"valueName":"search_term_string"}}],"inLanguage":"es-PE"},{"@type":"Organization","@id":"https:\/\/vanguardteam.com\/#organization","name":"Grupo Vanguard Internacional","alternateName":"Vanguard","url":"https:\/\/vanguardteam.com\/","logo":{"@type":"ImageObject","inLanguage":"es-PE","@id":"https:\/\/vanguardteam.com\/#\/schema\/logo\/image\/","url":"https:\/\/vanguardteam.com\/wp-content\/uploads\/2024\/09\/Logo-vanguard.svg","contentUrl":"https:\/\/vanguardteam.com\/wp-content\/uploads\/2024\/09\/Logo-vanguard.svg","width":168,"height":56,"caption":"Vanguard Group International"},"image":{"@id":"https:\/\/vanguardteam.com\/#\/schema\/logo\/image\/"},"sameAs":["https:\/\/www.linkedin.com\/company\/vanguard-fresh\/"],"description":"Vanguard Group International, fundada en 1991, ha sido l\u00edder en agricultura, comercializaci\u00f3n y ventas integradas verticalmente. Desde 2016, nos hemos especializado en la entrega de productos agr\u00edcolas frescos y de alta calidad dise\u00f1ados para satisfacer las necesidades precisas de nuestros clientes. Nuestro \u00e9xito se basa en t\u00e9cnicas agr\u00edcolas avanzadas, s\u00f3lidas alianzas con productores y profundos conocimientos del mercado.","email":"sales@vanguardteam.com","legalName":"Vanguard Group International","publishingPrinciples":"https:\/\/vanguardteam.com\/en\/","ownershipFundingInfo":"https:\/\/vanguardteam.com\/en\/about-us\/"}]}},"_links":{"self":[{"href":"https:\/\/vanguardteam.com\/es\/wp-json\/wp\/v2\/pages\/573","targetHints":{"allow":["GET"]}}],"collection":[{"href":"https:\/\/vanguardteam.com\/es\/wp-json\/wp\/v2\/pages"}],"about":[{"href":"https:\/\/vanguardteam.com\/es\/wp-json\/wp\/v2\/types\/page"}],"author":[{"embeddable":true,"href":"https:\/\/vanguardteam.com\/es\/wp-json\/wp\/v2\/users\/1"}],"replies":[{"embeddable":true,"href":"https:\/\/vanguardteam.com\/es\/wp-json\/wp\/v2\/comments?post=573"}],"version-history":[{"count":0,"href":"https:\/\/vanguardteam.com\/es\/wp-json\/wp\/v2\/pages\/573\/revisions"}],"wp:attachment":[{"href":"https:\/\/vanguardteam.com\/es\/wp-json\/wp\/v2\/media?parent=573"}],"curies":[{"name":"Gracias","href":"https:\/\/api.w.org\/{rel}","templated":true}]}}