{"id":3169,"date":"2026-05-12T20:51:50","date_gmt":"2026-05-13T01:51:50","guid":{"rendered":"https:\/\/vanguardteam.com\/?page_id=3169"},"modified":"2026-05-13T01:36:16","modified_gmt":"2026-05-13T06:36:16","slug":"nuestras-marcas","status":"publish","type":"page","link":"https:\/\/vanguardteam.com\/es\/nuestras-marcas\/","title":{"rendered":"Nuestras marcas"},"content":{"rendered":"<div data-elementor-type=\"wp-page\" data-elementor-id=\"3169\" class=\"elementor elementor-3169\" data-elementor-post-type=\"page\">\n\t\t\t\t<div class=\"e-con-top elementor-element elementor-element-e222229 e-flex e-con-boxed e-con e-parent\" data-id=\"e222229\" data-element_type=\"container\" data-e-type=\"container\" data-settings=\"{&quot;background_background&quot;:&quot;classic&quot;,&quot;jet_parallax_layout_list&quot;:[]}\">\n\t\t\t\t\t<div class=\"e-con-inner\">\n\t\t\t\t<div class=\"elementor-element elementor-element-92440b6 elementor-widget elementor-widget-heading\" data-id=\"92440b6\" data-element_type=\"widget\" data-e-type=\"widget\" data-widget_type=\"heading.default\">\n\t\t\t\t<div class=\"elementor-widget-container\">\n\t\t\t\t\t<h1 class=\"elementor-heading-title elementor-size-default\">Nuestras marcas<\/h1>\t\t\t\t<\/div>\n\t\t\t\t<\/div>\n\t\t\t\t\t<\/div>\n\t\t\t\t<\/div>\n\t\t<div class=\"e-con-top elementor-element elementor-element-628b4ef e-flex e-con-boxed e-con e-parent\" data-id=\"628b4ef\" data-element_type=\"container\" data-e-type=\"container\" data-settings=\"{&quot;jet_parallax_layout_list&quot;:[]}\">\n\t\t\t\t\t<div class=\"e-con-inner\">\n\t\t<div class=\"elementor-element elementor-element-a82d917 e-con-full e-flex e-con e-child\" data-id=\"a82d917\" data-element_type=\"container\" data-e-type=\"container\" data-settings=\"{&quot;background_background&quot;:&quot;classic&quot;,&quot;jet_parallax_layout_list&quot;:[]}\">\n\t\t\t\t<div class=\"elementor-element elementor-element-5b350b6 elementor-widget elementor-widget-image\" data-id=\"5b350b6\" data-element_type=\"widget\" data-e-type=\"widget\" data-widget_type=\"image.default\">\n\t\t\t\t<div class=\"elementor-widget-container\">\n\t\t\t\t\t\t\t\t\t\t\t\t\t\t\t<img fetchpriority=\"high\" decoding=\"async\" width=\"552\" height=\"240\" src=\"https:\/\/vanguardteam.com\/wp-content\/uploads\/2026\/05\/Logo11.jpg\" class=\"attachment-full size-full wp-image-3183\" alt=\"\" srcset=\"https:\/\/vanguardteam.com\/wp-content\/uploads\/2026\/05\/Logo11.jpg 552w, https:\/\/vanguardteam.com\/wp-content\/uploads\/2026\/05\/Logo11-300x130.jpg 300w, https:\/\/vanguardteam.com\/wp-content\/uploads\/2026\/05\/Logo11-18x8.jpg 18w\" sizes=\"(max-width: 552px) 100vw, 552px\" \/>\t\t\t\t\t\t\t\t\t\t\t\t\t\t\t<\/div>\n\t\t\t\t<\/div>\n\t\t\t\t<div class=\"elementor-element elementor-element-472e8ba elementor-widget elementor-widget-heading\" data-id=\"472e8ba\" data-element_type=\"widget\" data-e-type=\"widget\" data-widget_type=\"heading.default\">\n\t\t\t\t<div class=\"elementor-widget-container\">\n\t\t\t\t\t<h3 class=\"elementor-heading-title elementor-size-default\">VANGUARD FRESH<\/h3>\t\t\t\t<\/div>\n\t\t\t\t<\/div>\n\t\t\t\t<div class=\"elementor-element elementor-element-e3050ae u-last-p-margin elementor-hidden-desktop elementor-hidden-tablet elementor-hidden-mobile elementor-widget elementor-widget-text-editor\" data-id=\"e3050ae\" data-element_type=\"widget\" data-e-type=\"widget\" data-widget_type=\"text-editor.default\">\n\t\t\t\t<div class=\"elementor-widget-container\">\n\t\t\t\t\t\t\t\t\t<p>Corem ipsum dolor sit amet, consectetur adipiscing elit. Nunc vulputate libero et velit interdum, ac aliquet odio mattis. Clase apta taciti sociosqu ad litora torquent.<\/p>\t\t\t\t\t\t\t\t<\/div>\n\t\t\t\t<\/div>\n\t\t\t\t<\/div>\n\t\t<div class=\"elementor-element elementor-element-882bcbd e-con-full e-flex e-con e-child\" data-id=\"882bcbd\" data-element_type=\"container\" data-e-type=\"container\" data-settings=\"{&quot;background_background&quot;:&quot;classic&quot;,&quot;jet_parallax_layout_list&quot;:[]}\">\n\t\t\t\t<div class=\"elementor-element elementor-element-37db1dd elementor-widget elementor-widget-image\" data-id=\"37db1dd\" data-element_type=\"widget\" data-e-type=\"widget\" data-widget_type=\"image.default\">\n\t\t\t\t<div class=\"elementor-widget-container\">\n\t\t\t\t\t\t\t\t\t\t\t\t\t\t\t<img decoding=\"async\" width=\"552\" height=\"240\" src=\"https:\/\/vanguardteam.com\/wp-content\/uploads\/2026\/05\/Logo-1-1.jpg\" class=\"attachment-full size-full wp-image-3185\" alt=\"\" srcset=\"https:\/\/vanguardteam.com\/wp-content\/uploads\/2026\/05\/Logo-1-1.jpg 552w, https:\/\/vanguardteam.com\/wp-content\/uploads\/2026\/05\/Logo-1-1-300x130.jpg 300w, https:\/\/vanguardteam.com\/wp-content\/uploads\/2026\/05\/Logo-1-1-18x8.jpg 18w\" sizes=\"(max-width: 552px) 100vw, 552px\" \/>\t\t\t\t\t\t\t\t\t\t\t\t\t\t\t<\/div>\n\t\t\t\t<\/div>\n\t\t\t\t<div class=\"elementor-element elementor-element-8cab4ef elementor-widget elementor-widget-heading\" data-id=\"8cab4ef\" data-element_type=\"widget\" data-e-type=\"widget\" data-widget_type=\"heading.default\">\n\t\t\t\t<div class=\"elementor-widget-container\">\n\t\t\t\t\t<h3 class=\"elementor-heading-title elementor-size-default\">CABALLO DE ORO<\/h3>\t\t\t\t<\/div>\n\t\t\t\t<\/div>\n\t\t\t\t<div class=\"elementor-element elementor-element-bb2e127 u-last-p-margin elementor-hidden-desktop elementor-hidden-tablet elementor-hidden-mobile elementor-widget elementor-widget-text-editor\" data-id=\"bb2e127\" data-element_type=\"widget\" data-e-type=\"widget\" data-widget_type=\"text-editor.default\">\n\t\t\t\t<div class=\"elementor-widget-container\">\n\t\t\t\t\t\t\t\t\t<p>Corem ipsum dolor sit amet, consectetur adipiscing elit. Nunc vulputate libero et velit interdum, ac aliquet odio mattis. Clase apta taciti sociosqu ad litora torquent.<\/p>\t\t\t\t\t\t\t\t<\/div>\n\t\t\t\t<\/div>\n\t\t\t\t<\/div>\n\t\t<div class=\"elementor-element elementor-element-69add74 e-con-full e-flex e-con e-child\" data-id=\"69add74\" data-element_type=\"container\" data-e-type=\"container\" data-settings=\"{&quot;background_background&quot;:&quot;classic&quot;,&quot;jet_parallax_layout_list&quot;:[]}\">\n\t\t\t\t<div class=\"elementor-element elementor-element-4a67fa8 elementor-widget elementor-widget-image\" data-id=\"4a67fa8\" data-element_type=\"widget\" data-e-type=\"widget\" data-widget_type=\"image.default\">\n\t\t\t\t<div class=\"elementor-widget-container\">\n\t\t\t\t\t\t\t\t\t\t\t\t\t\t\t<img decoding=\"async\" width=\"552\" height=\"240\" src=\"https:\/\/vanguardteam.com\/wp-content\/uploads\/2026\/05\/Logo-2-1.jpg\" class=\"attachment-full size-full wp-image-3186\" alt=\"\" srcset=\"https:\/\/vanguardteam.com\/wp-content\/uploads\/2026\/05\/Logo-2-1.jpg 552w, https:\/\/vanguardteam.com\/wp-content\/uploads\/2026\/05\/Logo-2-1-300x130.jpg 300w, https:\/\/vanguardteam.com\/wp-content\/uploads\/2026\/05\/Logo-2-1-18x8.jpg 18w\" sizes=\"(max-width: 552px) 100vw, 552px\" \/>\t\t\t\t\t\t\t\t\t\t\t\t\t\t\t<\/div>\n\t\t\t\t<\/div>\n\t\t\t\t<div class=\"elementor-element elementor-element-b95263e elementor-widget elementor-widget-heading\" data-id=\"b95263e\" data-element_type=\"widget\" data-e-type=\"widget\" data-widget_type=\"heading.default\">\n\t\t\t\t<div class=\"elementor-widget-container\">\n\t\t\t\t\t<h3 class=\"elementor-heading-title elementor-size-default\">MAJESTUOSO JAGUAR<\/h3>\t\t\t\t<\/div>\n\t\t\t\t<\/div>\n\t\t\t\t<div class=\"elementor-element elementor-element-65435ba u-last-p-margin elementor-hidden-desktop elementor-hidden-tablet elementor-hidden-mobile elementor-widget elementor-widget-text-editor\" data-id=\"65435ba\" data-element_type=\"widget\" data-e-type=\"widget\" data-widget_type=\"text-editor.default\">\n\t\t\t\t<div class=\"elementor-widget-container\">\n\t\t\t\t\t\t\t\t\t<p>Corem ipsum dolor sit amet, consectetur adipiscing elit. Nunc vulputate libero et velit interdum, ac aliquet odio mattis. Clase apta taciti sociosqu ad litora torquent.<\/p>\t\t\t\t\t\t\t\t<\/div>\n\t\t\t\t<\/div>\n\t\t\t\t<\/div>\n\t\t<div class=\"elementor-element elementor-element-fe71e37 e-con-full e-flex e-con e-child\" data-id=\"fe71e37\" data-element_type=\"container\" data-e-type=\"container\" data-settings=\"{&quot;background_background&quot;:&quot;classic&quot;,&quot;jet_parallax_layout_list&quot;:[]}\">\n\t\t\t\t<div class=\"elementor-element elementor-element-4a4a426 elementor-widget elementor-widget-image\" data-id=\"4a4a426\" data-element_type=\"widget\" data-e-type=\"widget\" data-widget_type=\"image.default\">\n\t\t\t\t<div class=\"elementor-widget-container\">\n\t\t\t\t\t\t\t\t\t\t\t\t\t\t\t<img loading=\"lazy\" decoding=\"async\" width=\"552\" height=\"240\" src=\"https:\/\/vanguardteam.com\/wp-content\/uploads\/2026\/05\/Logo-3-1.jpg\" class=\"attachment-full size-full wp-image-3187\" alt=\"\" srcset=\"https:\/\/vanguardteam.com\/wp-content\/uploads\/2026\/05\/Logo-3-1.jpg 552w, https:\/\/vanguardteam.com\/wp-content\/uploads\/2026\/05\/Logo-3-1-300x130.jpg 300w, https:\/\/vanguardteam.com\/wp-content\/uploads\/2026\/05\/Logo-3-1-18x8.jpg 18w\" sizes=\"(max-width: 552px) 100vw, 552px\" \/>\t\t\t\t\t\t\t\t\t\t\t\t\t\t\t<\/div>\n\t\t\t\t<\/div>\n\t\t\t\t<div class=\"elementor-element elementor-element-2bf878c elementor-widget elementor-widget-heading\" data-id=\"2bf878c\" data-element_type=\"widget\" data-e-type=\"widget\" data-widget_type=\"heading.default\">\n\t\t\t\t<div class=\"elementor-widget-container\">\n\t\t\t\t\t<h3 class=\"elementor-heading-title elementor-size-default\">TIGRE ROJO<\/h3>\t\t\t\t<\/div>\n\t\t\t\t<\/div>\n\t\t\t\t<div class=\"elementor-element elementor-element-7d248bc u-last-p-margin elementor-hidden-desktop elementor-hidden-tablet elementor-hidden-mobile elementor-widget elementor-widget-text-editor\" data-id=\"7d248bc\" data-element_type=\"widget\" data-e-type=\"widget\" data-widget_type=\"text-editor.default\">\n\t\t\t\t<div class=\"elementor-widget-container\">\n\t\t\t\t\t\t\t\t\t<p>Corem ipsum dolor sit amet, consectetur adipiscing elit. Nunc vulputate libero et velit interdum, ac aliquet odio mattis. Clase apta taciti sociosqu ad litora torquent.<\/p>\t\t\t\t\t\t\t\t<\/div>\n\t\t\t\t<\/div>\n\t\t\t\t<\/div>\n\t\t<div class=\"elementor-element elementor-element-82fd0d5 e-con-full e-flex e-con e-child\" data-id=\"82fd0d5\" data-element_type=\"container\" data-e-type=\"container\" data-settings=\"{&quot;background_background&quot;:&quot;classic&quot;,&quot;jet_parallax_layout_list&quot;:[]}\">\n\t\t\t\t<div class=\"elementor-element elementor-element-fcb62ac elementor-widget elementor-widget-image\" data-id=\"fcb62ac\" data-element_type=\"widget\" data-e-type=\"widget\" data-widget_type=\"image.default\">\n\t\t\t\t<div class=\"elementor-widget-container\">\n\t\t\t\t\t\t\t\t\t\t\t\t\t\t\t<img loading=\"lazy\" decoding=\"async\" width=\"552\" height=\"240\" src=\"https:\/\/vanguardteam.com\/wp-content\/uploads\/2026\/05\/Logo-4-1.jpg\" class=\"attachment-full size-full wp-image-3188\" alt=\"\" srcset=\"https:\/\/vanguardteam.com\/wp-content\/uploads\/2026\/05\/Logo-4-1.jpg 552w, https:\/\/vanguardteam.com\/wp-content\/uploads\/2026\/05\/Logo-4-1-300x130.jpg 300w, https:\/\/vanguardteam.com\/wp-content\/uploads\/2026\/05\/Logo-4-1-18x8.jpg 18w\" sizes=\"(max-width: 552px) 100vw, 552px\" \/>\t\t\t\t\t\t\t\t\t\t\t\t\t\t\t<\/div>\n\t\t\t\t<\/div>\n\t\t\t\t<div class=\"elementor-element elementor-element-b025986 elementor-widget elementor-widget-heading\" data-id=\"b025986\" data-element_type=\"widget\" data-e-type=\"widget\" data-widget_type=\"heading.default\">\n\t\t\t\t<div class=\"elementor-widget-container\">\n\t\t\t\t\t<h3 class=\"elementor-heading-title elementor-size-default\">JADE BRILLANTE<\/h3>\t\t\t\t<\/div>\n\t\t\t\t<\/div>\n\t\t\t\t<div class=\"elementor-element elementor-element-5bf2f7b u-last-p-margin elementor-hidden-desktop elementor-hidden-tablet elementor-hidden-mobile elementor-widget elementor-widget-text-editor\" data-id=\"5bf2f7b\" data-element_type=\"widget\" data-e-type=\"widget\" data-widget_type=\"text-editor.default\">\n\t\t\t\t<div class=\"elementor-widget-container\">\n\t\t\t\t\t\t\t\t\t<p>Corem ipsum dolor sit amet, consectetur adipiscing elit. Nunc vulputate libero et velit interdum, ac aliquet odio mattis. Clase apta taciti sociosqu ad litora torquent.<\/p>\t\t\t\t\t\t\t\t<\/div>\n\t\t\t\t<\/div>\n\t\t\t\t<\/div>\n\t\t<div class=\"elementor-element elementor-element-1396176 e-con-full e-flex e-con e-child\" data-id=\"1396176\" data-element_type=\"container\" data-e-type=\"container\" data-settings=\"{&quot;background_background&quot;:&quot;classic&quot;,&quot;jet_parallax_layout_list&quot;:[]}\">\n\t\t\t\t<div class=\"elementor-element elementor-element-b333357 elementor-widget elementor-widget-image\" data-id=\"b333357\" data-element_type=\"widget\" data-e-type=\"widget\" data-widget_type=\"image.default\">\n\t\t\t\t<div class=\"elementor-widget-container\">\n\t\t\t\t\t\t\t\t\t\t\t\t\t\t\t<img loading=\"lazy\" decoding=\"async\" width=\"552\" height=\"240\" src=\"https:\/\/vanguardteam.com\/wp-content\/uploads\/2026\/05\/Logo-5-1.jpg\" class=\"attachment-full size-full wp-image-3184\" alt=\"\" srcset=\"https:\/\/vanguardteam.com\/wp-content\/uploads\/2026\/05\/Logo-5-1.jpg 552w, https:\/\/vanguardteam.com\/wp-content\/uploads\/2026\/05\/Logo-5-1-300x130.jpg 300w, https:\/\/vanguardteam.com\/wp-content\/uploads\/2026\/05\/Logo-5-1-18x8.jpg 18w\" sizes=\"(max-width: 552px) 100vw, 552px\" \/>\t\t\t\t\t\t\t\t\t\t\t\t\t\t\t<\/div>\n\t\t\t\t<\/div>\n\t\t\t\t<div class=\"elementor-element elementor-element-2a318e9 elementor-widget elementor-widget-heading\" data-id=\"2a318e9\" data-element_type=\"widget\" data-e-type=\"widget\" data-widget_type=\"heading.default\">\n\t\t\t\t<div class=\"elementor-widget-container\">\n\t\t\t\t\t<h3 class=\"elementor-heading-title elementor-size-default\">ICALOV<\/h3>\t\t\t\t<\/div>\n\t\t\t\t<\/div>\n\t\t\t\t<div class=\"elementor-element elementor-element-6d23ffc u-last-p-margin elementor-hidden-desktop elementor-hidden-tablet elementor-hidden-mobile elementor-widget elementor-widget-text-editor\" data-id=\"6d23ffc\" data-element_type=\"widget\" data-e-type=\"widget\" data-widget_type=\"text-editor.default\">\n\t\t\t\t<div class=\"elementor-widget-container\">\n\t\t\t\t\t\t\t\t\t<p>Corem ipsum dolor sit amet, consectetur adipiscing elit. Nunc vulputate libero et velit interdum, ac aliquet odio mattis. Clase apta taciti sociosqu ad litora torquent.<\/p>\t\t\t\t\t\t\t\t<\/div>\n\t\t\t\t<\/div>\n\t\t\t\t<\/div>\n\t\t\t\t\t<\/div>\n\t\t\t\t<\/div>\n\t\t\t\t<\/div>","protected":false},"excerpt":{"rendered":"<p>Nuestras marcas VANGUARD FRESH Corem ipsum dolor sit amet, consectetur adipiscing elit. Nunc vulputate libero et velit interdum, ac aliquet odio mattis. Clase apta taciti sociosqu ad litora torquent. CABALLO DE ORO Corem ipsum dolor sit amet, consectetur adipiscing elit. Nunc vulputate libero et velit interdum, ac aliquet odio mattis. Clase apta taciti sociosqu ad litora [\u2026]<\/p>","protected":false},"author":2,"featured_media":0,"parent":0,"menu_order":0,"comment_status":"closed","ping_status":"closed","template":"elementor_header_footer","meta":{"_acf_changed":false,"footnotes":""},"class_list":["post-3169","page","type-page","status-publish","hentry"],"acf":[],"yoast_head":"<!-- This site is optimized with the Yoast SEO Premium plugin v23.8 (Yoast SEO v26.9) - https:\/\/yoast.com\/product\/yoast-seo-premium-wordpress\/ -->\n<title>Our brands | Vanguard Group International<\/title>\n<meta name=\"robots\" content=\"index, follow, max-snippet:-1, max-image-preview:large, max-video-preview:-1\" \/>\n<link rel=\"canonical\" href=\"https:\/\/vanguardteam.com\/es\/nuestras-marcas\/\" \/>\n<meta property=\"og:locale\" content=\"es_ES\" \/>\n<meta property=\"og:type\" content=\"article\" \/>\n<meta property=\"og:title\" content=\"Our brands\" \/>\n<meta property=\"og:description\" content=\"Our brands VANGUARD FRESH Corem ipsum dolor sit amet, consectetur adipiscing elit. Nunc vulputate libero et velit interdum, ac aliquet odio mattis. Class aptent taciti sociosqu ad litora torquent. GOLDEN HORSE Corem ipsum dolor sit amet, consectetur adipiscing elit. Nunc vulputate libero et velit interdum, ac aliquet odio mattis. Class aptent taciti sociosqu ad litora [&hellip;]\" \/>\n<meta property=\"og:url\" content=\"https:\/\/vanguardteam.com\/es\/nuestras-marcas\/\" \/>\n<meta property=\"og:site_name\" content=\"Vanguard Group International\" \/>\n<meta property=\"article:modified_time\" content=\"2026-05-13T06:36:16+00:00\" \/>\n<meta property=\"og:image\" content=\"https:\/\/vanguardteam.com\/wp-content\/uploads\/2026\/05\/Logo11.jpg\" \/>\n\t<meta property=\"og:image:width\" content=\"552\" \/>\n\t<meta property=\"og:image:height\" content=\"240\" \/>\n\t<meta property=\"og:image:type\" content=\"image\/jpeg\" \/>\n<meta name=\"twitter:card\" content=\"summary_large_image\" \/>\n<script type=\"application\/ld+json\" class=\"yoast-schema-graph\">{\"@context\":\"https:\/\/schema.org\",\"@graph\":[{\"@type\":\"WebPage\",\"@id\":\"https:\/\/vanguardteam.com\/our-brands\/\",\"url\":\"https:\/\/vanguardteam.com\/our-brands\/\",\"name\":\"Our brands | Vanguard Group International\",\"isPartOf\":{\"@id\":\"https:\/\/vanguardteam.com\/#website\"},\"primaryImageOfPage\":{\"@id\":\"https:\/\/vanguardteam.com\/our-brands\/#primaryimage\"},\"image\":{\"@id\":\"https:\/\/vanguardteam.com\/our-brands\/#primaryimage\"},\"thumbnailUrl\":\"https:\/\/vanguardteam.com\/wp-content\/uploads\/2026\/05\/Logo11.jpg\",\"datePublished\":\"2026-05-13T01:51:50+00:00\",\"dateModified\":\"2026-05-13T06:36:16+00:00\",\"breadcrumb\":{\"@id\":\"https:\/\/vanguardteam.com\/our-brands\/#breadcrumb\"},\"inLanguage\":\"es-PE\",\"potentialAction\":[{\"@type\":\"ReadAction\",\"target\":[\"https:\/\/vanguardteam.com\/our-brands\/\"]}]},{\"@type\":\"ImageObject\",\"inLanguage\":\"es-PE\",\"@id\":\"https:\/\/vanguardteam.com\/our-brands\/#primaryimage\",\"url\":\"https:\/\/vanguardteam.com\/wp-content\/uploads\/2026\/05\/Logo11.jpg\",\"contentUrl\":\"https:\/\/vanguardteam.com\/wp-content\/uploads\/2026\/05\/Logo11.jpg\"},{\"@type\":\"BreadcrumbList\",\"@id\":\"https:\/\/vanguardteam.com\/our-brands\/#breadcrumb\",\"itemListElement\":[{\"@type\":\"ListItem\",\"position\":1,\"name\":\"Home\",\"item\":\"https:\/\/vanguardteam.com\/en\/\"},{\"@type\":\"ListItem\",\"position\":2,\"name\":\"Our brands\"}]},{\"@type\":\"WebSite\",\"@id\":\"https:\/\/vanguardteam.com\/#website\",\"url\":\"https:\/\/vanguardteam.com\/\",\"name\":\"Vanguard Group International\",\"description\":\"High quality fresh produce\",\"publisher\":{\"@id\":\"https:\/\/vanguardteam.com\/#organization\"},\"alternateName\":\"Vanguard\",\"potentialAction\":[{\"@type\":\"SearchAction\",\"target\":{\"@type\":\"EntryPoint\",\"urlTemplate\":\"https:\/\/vanguardteam.com\/?s={search_term_string}\"},\"query-input\":{\"@type\":\"PropertyValueSpecification\",\"valueRequired\":true,\"valueName\":\"search_term_string\"}}],\"inLanguage\":\"es-PE\"},{\"@type\":\"Organization\",\"@id\":\"https:\/\/vanguardteam.com\/#organization\",\"name\":\"Vanguard Group International\",\"alternateName\":\"Vanguard\",\"url\":\"https:\/\/vanguardteam.com\/\",\"logo\":{\"@type\":\"ImageObject\",\"inLanguage\":\"es-PE\",\"@id\":\"https:\/\/vanguardteam.com\/#\/schema\/logo\/image\/\",\"url\":\"https:\/\/vanguardteam.com\/wp-content\/uploads\/2024\/09\/Logo-vanguard.svg\",\"contentUrl\":\"https:\/\/vanguardteam.com\/wp-content\/uploads\/2024\/09\/Logo-vanguard.svg\",\"width\":168,\"height\":56,\"caption\":\"Vanguard Group International\"},\"image\":{\"@id\":\"https:\/\/vanguardteam.com\/#\/schema\/logo\/image\/\"},\"sameAs\":[\"https:\/\/www.linkedin.com\/company\/vanguard-fresh\/\"],\"description\":\"Vanguard Group International, established in 1991; has been a leader in vertically-integrated farming, marketing, and sales. Since 2016, we have specialized in delivering fresh, high-quality produce tailored to meet the precise needs of our customers. Our success is driven by advanced farming techniques, strong partnerships with growers, and in-depth market insights.\",\"email\":\"sales@vanguardteam.com\",\"legalName\":\"Vanguard Group International\",\"publishingPrinciples\":\"https:\/\/vanguardteam.com\/en\/\",\"ownershipFundingInfo\":\"https:\/\/vanguardteam.com\/en\/about-us\/\"}]}<\/script>\n<!-- \/ Yoast SEO Premium plugin. -->","yoast_head_json":{"title":"Nuestras marcas | Vanguard Group International","robots":{"index":"index","follow":"follow","max-snippet":"max-snippet:-1","max-image-preview":"max-image-preview:large","max-video-preview":"max-video-preview:-1"},"canonical":"https:\/\/vanguardteam.com\/es\/nuestras-marcas\/","og_locale":"es_ES","og_type":"article","og_title":"Our brands","og_description":"Our brands VANGUARD FRESH Corem ipsum dolor sit amet, consectetur adipiscing elit. Nunc vulputate libero et velit interdum, ac aliquet odio mattis. Class aptent taciti sociosqu ad litora torquent. GOLDEN HORSE Corem ipsum dolor sit amet, consectetur adipiscing elit. Nunc vulputate libero et velit interdum, ac aliquet odio mattis. Class aptent taciti sociosqu ad litora [&hellip;]","og_url":"https:\/\/vanguardteam.com\/es\/nuestras-marcas\/","og_site_name":"Vanguard Group International","article_modified_time":"2026-05-13T06:36:16+00:00","og_image":[{"width":552,"height":240,"url":"https:\/\/vanguardteam.com\/wp-content\/uploads\/2026\/05\/Logo11.jpg","type":"image\/jpeg"}],"twitter_card":"summary_large_image","schema":{"@context":"https:\/\/schema.org","@graph":[{"@type":"WebPage","@id":"https:\/\/vanguardteam.com\/our-brands\/","url":"https:\/\/vanguardteam.com\/our-brands\/","name":"Nuestras marcas | Vanguard Group International","isPartOf":{"@id":"https:\/\/vanguardteam.com\/#website"},"primaryImageOfPage":{"@id":"https:\/\/vanguardteam.com\/our-brands\/#primaryimage"},"image":{"@id":"https:\/\/vanguardteam.com\/our-brands\/#primaryimage"},"thumbnailUrl":"https:\/\/vanguardteam.com\/wp-content\/uploads\/2026\/05\/Logo11.jpg","datePublished":"2026-05-13T01:51:50+00:00","dateModified":"2026-05-13T06:36:16+00:00","breadcrumb":{"@id":"https:\/\/vanguardteam.com\/our-brands\/#breadcrumb"},"inLanguage":"es-PE","potentialAction":[{"@type":"ReadAction","target":["https:\/\/vanguardteam.com\/our-brands\/"]}]},{"@type":"ImageObject","inLanguage":"es-PE","@id":"https:\/\/vanguardteam.com\/our-brands\/#primaryimage","url":"https:\/\/vanguardteam.com\/wp-content\/uploads\/2026\/05\/Logo11.jpg","contentUrl":"https:\/\/vanguardteam.com\/wp-content\/uploads\/2026\/05\/Logo11.jpg"},{"@type":"BreadcrumbList","@id":"https:\/\/vanguardteam.com\/our-brands\/#breadcrumb","itemListElement":[{"@type":"ListItem","position":1,"name":"Home","item":"https:\/\/vanguardteam.com\/en\/"},{"@type":"ListItem","position":2,"name":"Our brands"}]},{"@type":"WebSite","@id":"https:\/\/vanguardteam.com\/#website","url":"https:\/\/vanguardteam.com\/","name":"Grupo Vanguard Internacional","description":"Productos frescos de alta calidad","publisher":{"@id":"https:\/\/vanguardteam.com\/#organization"},"alternateName":"Vanguard","potentialAction":[{"@type":"SearchAction","target":{"@type":"EntryPoint","urlTemplate":"https:\/\/vanguardteam.com\/?s={search_term_string}"},"query-input":{"@type":"PropertyValueSpecification","valueRequired":true,"valueName":"search_term_string"}}],"inLanguage":"es-PE"},{"@type":"Organization","@id":"https:\/\/vanguardteam.com\/#organization","name":"Grupo Vanguard Internacional","alternateName":"Vanguard","url":"https:\/\/vanguardteam.com\/","logo":{"@type":"ImageObject","inLanguage":"es-PE","@id":"https:\/\/vanguardteam.com\/#\/schema\/logo\/image\/","url":"https:\/\/vanguardteam.com\/wp-content\/uploads\/2024\/09\/Logo-vanguard.svg","contentUrl":"https:\/\/vanguardteam.com\/wp-content\/uploads\/2024\/09\/Logo-vanguard.svg","width":168,"height":56,"caption":"Vanguard Group International"},"image":{"@id":"https:\/\/vanguardteam.com\/#\/schema\/logo\/image\/"},"sameAs":["https:\/\/www.linkedin.com\/company\/vanguard-fresh\/"],"description":"Vanguard Group International, fundada en 1991, ha sido l\u00edder en agricultura, comercializaci\u00f3n y ventas integradas verticalmente. Desde 2016, nos hemos especializado en la entrega de productos agr\u00edcolas frescos y de alta calidad dise\u00f1ados para satisfacer las necesidades precisas de nuestros clientes. Nuestro \u00e9xito se basa en t\u00e9cnicas agr\u00edcolas avanzadas, s\u00f3lidas alianzas con productores y profundos conocimientos del mercado.","email":"sales@vanguardteam.com","legalName":"Vanguard Group International","publishingPrinciples":"https:\/\/vanguardteam.com\/en\/","ownershipFundingInfo":"https:\/\/vanguardteam.com\/en\/about-us\/"}]}},"_links":{"self":[{"href":"https:\/\/vanguardteam.com\/es\/wp-json\/wp\/v2\/pages\/3169","targetHints":{"allow":["GET"]}}],"collection":[{"href":"https:\/\/vanguardteam.com\/es\/wp-json\/wp\/v2\/pages"}],"about":[{"href":"https:\/\/vanguardteam.com\/es\/wp-json\/wp\/v2\/types\/page"}],"author":[{"embeddable":true,"href":"https:\/\/vanguardteam.com\/es\/wp-json\/wp\/v2\/users\/2"}],"replies":[{"embeddable":true,"href":"https:\/\/vanguardteam.com\/es\/wp-json\/wp\/v2\/comments?post=3169"}],"version-history":[{"count":23,"href":"https:\/\/vanguardteam.com\/es\/wp-json\/wp\/v2\/pages\/3169\/revisions"}],"predecessor-version":[{"id":3224,"href":"https:\/\/vanguardteam.com\/es\/wp-json\/wp\/v2\/pages\/3169\/revisions\/3224"}],"wp:attachment":[{"href":"https:\/\/vanguardteam.com\/es\/wp-json\/wp\/v2\/media?parent=3169"}],"curies":[{"name":"Gracias","href":"https:\/\/api.w.org\/{rel}","templated":true}]}}